{"id":132,"date":"2022-05-24T13:46:50","date_gmt":"2022-05-24T13:46:50","guid":{"rendered":"https:\/\/trusting-wiles.83-173-252-150.plesk.page\/?page_id=132"},"modified":"2025-06-01T21:36:55","modified_gmt":"2025-06-01T19:36:55","slug":"la-charte-de-lentraineur","status":"publish","type":"page","link":"https:\/\/marly.basketball\/?page_id=132","title":{"rendered":"Charte du coach"},"content":{"rendered":"<div class=\"wp-block-image\">\n<figure class=\"aligncenter size-full is-resized\"><img decoding=\"async\" loading=\"lazy\" width=\"512\" height=\"512\" src=\"https:\/\/marly.basketball\/wp-content\/uploads\/2022\/04\/cropped-MARLY-FINAL-FILE-v2.1.png\" alt=\"\" class=\"wp-image-5\" style=\"width:263px;height:263px\" srcset=\"https:\/\/marly.basketball\/wp-content\/uploads\/2022\/04\/cropped-MARLY-FINAL-FILE-v2.1.png 512w, https:\/\/marly.basketball\/wp-content\/uploads\/2022\/04\/cropped-MARLY-FINAL-FILE-v2.1-300x300.png 300w, https:\/\/marly.basketball\/wp-content\/uploads\/2022\/04\/cropped-MARLY-FINAL-FILE-v2.1-150x150.png 150w, https:\/\/marly.basketball\/wp-content\/uploads\/2022\/04\/cropped-MARLY-FINAL-FILE-v2.1-270x270.png 270w, https:\/\/marly.basketball\/wp-content\/uploads\/2022\/04\/cropped-MARLY-FINAL-FILE-v2.1-192x192.png 192w, https:\/\/marly.basketball\/wp-content\/uploads\/2022\/04\/cropped-MARLY-FINAL-FILE-v2.1-180x180.png 180w, https:\/\/marly.basketball\/wp-content\/uploads\/2022\/04\/cropped-MARLY-FINAL-FILE-v2.1-32x32.png 32w\" sizes=\"(max-width: 512px) 100vw, 512px\" \/><\/figure><\/div>\n\n\n<br><br><br>\n\n\n\n<ul>\n<li class=\"body { font-family: 'Helvetica', 'Arial', sans-serif;}\">J&#8217;essaie de transmettre au mieux ma passion du basket avec bienveillance.<\/li>\n\n\n\n<li>Je m\u2019engage \u00e0 ne pas faire de diff\u00e9rences entre les joueurs, \u00e0 les encourager \u00e0 progresser dans le respect de chacun, dans un esprit positif de d\u00e9veloppement et de renforcement du groupe. <\/li>\n\n\n\n<li>Je m&#8217;engage \u00e0 respecter l&#8217;int\u00e9grit\u00e9 physique, psychologique et morale de chaque joueur.se. en respectant les r\u00e8gles d&#8217;\u00e9thiques du sport de swissolympic.<\/li>\n\n\n\n<li>Je pr\u00e9pare mes entra\u00eenements, adapte sa structure aux progr\u00e8s de mon \u00e9quipe. Mes objectifs de d\u00e9veloppement des joueurs et de l&#8217;\u00e9quipe sont en accord avec celle de mon responsable technique  et des recommandations de swissbasket. <\/li>\n\n\n\n<li>Je cherche \u00e0 me perfectionner dans ma fonction de coach en  participant aux cours J+S et en me formant en autodidacte.<\/li>\n\n\n\n<li>Je m\u2019engage \u00e0 tenir les listes de pr\u00e9sences J+S \u00e0 jours et d\u2019informer r\u00e9guli\u00e8rement le secr\u00e9tariat des changements de contingent.<\/li>\n\n\n\n<li>Je me pr\u00e9sente minimum 5 minutes au minimum avant le d\u00e9but de l\u2019entra\u00eenement, en tenue de sport et avec chaussures de salle. A la fin de l\u2019entra\u00eenement, je m\u2019assure que les joueurs ont quitt\u00e9 les vestiaires, surtout pour les cat\u00e9gories mini-basket.<\/li>\n\n\n\n<li>En cas d&#8217;absence, je cherche, dans la mesure du possible, un rempla\u00e7ant. En cas d\u2019annulation d&#8217;un entra\u00eenement, je m\u2019assure d\u2019avoir inform\u00e9 tous les parents et le responsable technique du club.<\/li>\n\n\n\n<li>J\u2019annonce les calendriers aux joueurs et parents d\u00e8s connaissance des dates de matchs ou tournois.<\/li>\n\n\n\n<li>En cas d&#8217;annulation ou de d\u00e9placement de match, j&#8217;en informe mon responsable technique.<\/li>\n\n\n\n<li>Pour les matchs, je m&#8217;assure de la pr\u00e9sence des officiels, j&#8217;organise la mise en place de la salle avec mon \u00e9quipe et suis responsable des ballons mis \u00e0 disposition.<\/li>\n\n\n\n<li>Pour les matchs \u00e0 l&#8217;ext\u00e9rieur, j&#8217;organise le d\u00e9placement des joueurs avec les parents. <\/li>\n\n\n\n<li>Je suis responsable de l&#8217;organisation des matchs et de leur bon d\u00e9roulement afin d\u2019\u00e9viter les p\u00e9nalit\u00e9s ou amendes qui le cas \u00e9ch\u00e9ant peuvent m&#8217;\u00eatre d\u00e9duite de mes honoraires de coach.<\/li>\n\n\n\n<li>Je respecte la salle et le mat\u00e9riel mis \u00e0 disposition.  A la fin des entrainements ou des matchs, je suis responsable du rangement de la salle et des vestiaires, de la fermeture des caisses ou armoires \u00e0 ballons et du mat\u00e9riel des officiels.<\/li>\n\n\n\n<li>Je m&#8217;engage \u00e0 \u00eatre responsable des maillots de match. <\/li>\n\n\n\n<li>Je participe \u00e0 l\u2019organisation des \u00e9v\u00e9nements sportifs ou festifs organis\u00e9s par le club.<\/li>\n\n\n\n<li>En cas de non-respect de la charte du club par un joueur, je m\u2019engage \u00e0 r\u00e9gler ce probl\u00e8me au plus vite, seul ou avec l\u2019aide des membres du comit\u00e9.&nbsp; Je m\u2019assure que les parents en soient inform\u00e9s.<\/li>\n\n\n\n<li>Fier du Marly Basket, je me comporte de mani\u00e8re exemplaire en restant humble dans la victoire et digne dans la d\u00e9faite.<\/li>\n<\/ul>\n\n\n\n<p><\/p>\n","protected":false},"excerpt":{"rendered":"","protected":false},"author":1,"featured_media":0,"parent":0,"menu_order":0,"comment_status":"closed","ping_status":"closed","template":"","meta":{"ngg_post_thumbnail":0,"footnotes":""},"_links":{"self":[{"href":"https:\/\/marly.basketball\/index.php?rest_route=\/wp\/v2\/pages\/132"}],"collection":[{"href":"https:\/\/marly.basketball\/index.php?rest_route=\/wp\/v2\/pages"}],"about":[{"href":"https:\/\/marly.basketball\/index.php?rest_route=\/wp\/v2\/types\/page"}],"author":[{"embeddable":true,"href":"https:\/\/marly.basketball\/index.php?rest_route=\/wp\/v2\/users\/1"}],"replies":[{"embeddable":true,"href":"https:\/\/marly.basketball\/index.php?rest_route=%2Fwp%2Fv2%2Fcomments&post=132"}],"version-history":[{"count":5,"href":"https:\/\/marly.basketball\/index.php?rest_route=\/wp\/v2\/pages\/132\/revisions"}],"predecessor-version":[{"id":1126,"href":"https:\/\/marly.basketball\/index.php?rest_route=\/wp\/v2\/pages\/132\/revisions\/1126"}],"wp:attachment":[{"href":"https:\/\/marly.basketball\/index.php?rest_route=%2Fwp%2Fv2%2Fmedia&parent=132"}],"curies":[{"name":"wp","href":"https:\/\/api.w.org\/{rel}","templated":true}]}}