{"id":228,"date":"2022-05-31T10:42:55","date_gmt":"2022-05-31T10:42:55","guid":{"rendered":"https:\/\/trusting-wiles.83-173-252-150.plesk.page\/?page_id=228"},"modified":"2025-08-03T14:27:13","modified_gmt":"2025-08-03T12:27:13","slug":"u16-benjamins","status":"publish","type":"page","link":"https:\/\/marly.basketball\/?page_id=228","title":{"rendered":"U16"},"content":{"rendered":"<div class=\"wp-block-image\">\n<figure class=\"aligncenter size-large is-resized\"><img decoding=\"async\" loading=\"lazy\" width=\"1024\" height=\"768\" src=\"https:\/\/marly.basketball\/wp-content\/uploads\/2025\/02\/WhatsApp-Image-2025-01-06-at-12.10.03-1024x768.jpeg\" alt=\"\" class=\"wp-image-1053\" style=\"aspect-ratio:1.3333333333333333;width:694px;height:auto\" srcset=\"https:\/\/marly.basketball\/wp-content\/uploads\/2025\/02\/WhatsApp-Image-2025-01-06-at-12.10.03-1024x768.jpeg 1024w, https:\/\/marly.basketball\/wp-content\/uploads\/2025\/02\/WhatsApp-Image-2025-01-06-at-12.10.03-300x225.jpeg 300w, https:\/\/marly.basketball\/wp-content\/uploads\/2025\/02\/WhatsApp-Image-2025-01-06-at-12.10.03-768x576.jpeg 768w, https:\/\/marly.basketball\/wp-content\/uploads\/2025\/02\/WhatsApp-Image-2025-01-06-at-12.10.03-1536x1152.jpeg 1536w, https:\/\/marly.basketball\/wp-content\/uploads\/2025\/02\/WhatsApp-Image-2025-01-06-at-12.10.03-120x90.jpeg 120w, https:\/\/marly.basketball\/wp-content\/uploads\/2025\/02\/WhatsApp-Image-2025-01-06-at-12.10.03.jpeg 2048w\" sizes=\"(max-width: 1024px) 100vw, 1024px\" \/><\/figure><\/div>\n\n\n<br>\n\n\n\n<div class=\"wp-block-columns is-layout-flex wp-container-3 wp-block-columns-is-layout-flex\">\n<div class=\"wp-block-column is-layout-flow wp-block-column-is-layout-flow\">\n<h4 class=\"wp-block-heading\"><strong>Effectif masculin n\u00e9 en 2010-2011<\/strong><\/h4>\n\n\n\n<p><strong>Inscriptions ouvertes<\/strong><\/p>\n\n\n\n<h4 class=\"wp-block-heading\"><strong>Coachs<\/strong><\/h4>\n\n\n\n<p>Achille Mehatcheye : +41 79 551 54 59<\/p>\n\n\n\n<p>Marc Bell : +33 762 25 67 21<\/p>\n<\/div>\n\n\n\n<div class=\"wp-block-column is-layout-flow wp-block-column-is-layout-flow\">\n<h4 class=\"wp-block-heading\"><strong>Entra\u00eenements<\/strong><\/h4>\n\n\n\n<p>Mardi: 17:45 &#8211; 19:15 (\u00e0 partir de 16:30, entrainement facultatif individuel)<\/p>\n\n\n\n<p>Mercredi: 19:15 &#8211; 20:45<\/p>\n\n\n\n<p>Vendredi :  19:15 &#8211; 20:45<\/p>\n\n\n\n<h4 class=\"wp-block-heading\"><strong>Mat\u00e9riel n\u00e9cessaire<\/strong><\/h4>\n\n\n\n<p>Ballon taille 7, tenue de gym, baskets avec semelles non marquantes, gourde personnelle.<\/p>\n<\/div>\n<\/div>\n\n\n\n<h2 class=\"wp-block-heading\">Informations matchs<\/h2>\n\n\n\n<p>Championnat  AFBB et Swissbasket CSJC<\/p>\n\n\n\n<p><a href=\"https:\/\/www.basketplan.ch\/findTeamById.do?teamId=195&amp;clubId=60&amp;federationId=9\">Basketplan<\/a> <\/p>\n","protected":false},"excerpt":{"rendered":"<p>Effectif masculin n\u00e9 en 2010-2011 Inscriptions ouvertes Coachs Achille Mehatcheye : +41 79 551 54 59 Marc Bell : +33 762 25 67 21 Entra\u00eenements Mardi: 17:45 &#8211; 19:15 (\u00e0 partir de 16:30, entrainement facultatif individuel) Mercredi: 19:15 &#8211; 20:45 Vendredi : 19:15 &#8211; 20:45 Mat\u00e9riel n\u00e9cessaire Ballon taille 7, tenue de gym, baskets avec&hellip;<\/p>\n","protected":false},"author":1,"featured_media":0,"parent":0,"menu_order":0,"comment_status":"closed","ping_status":"closed","template":"","meta":{"ngg_post_thumbnail":0,"footnotes":""},"_links":{"self":[{"href":"https:\/\/marly.basketball\/index.php?rest_route=\/wp\/v2\/pages\/228"}],"collection":[{"href":"https:\/\/marly.basketball\/index.php?rest_route=\/wp\/v2\/pages"}],"about":[{"href":"https:\/\/marly.basketball\/index.php?rest_route=\/wp\/v2\/types\/page"}],"author":[{"embeddable":true,"href":"https:\/\/marly.basketball\/index.php?rest_route=\/wp\/v2\/users\/1"}],"replies":[{"embeddable":true,"href":"https:\/\/marly.basketball\/index.php?rest_route=%2Fwp%2Fv2%2Fcomments&post=228"}],"version-history":[{"count":7,"href":"https:\/\/marly.basketball\/index.php?rest_route=\/wp\/v2\/pages\/228\/revisions"}],"predecessor-version":[{"id":1169,"href":"https:\/\/marly.basketball\/index.php?rest_route=\/wp\/v2\/pages\/228\/revisions\/1169"}],"wp:attachment":[{"href":"https:\/\/marly.basketball\/index.php?rest_route=%2Fwp%2Fv2%2Fmedia&parent=228"}],"curies":[{"name":"wp","href":"https:\/\/api.w.org\/{rel}","templated":true}]}}