{"id":230,"date":"2022-05-31T10:46:23","date_gmt":"2022-05-31T10:46:23","guid":{"rendered":"https:\/\/trusting-wiles.83-173-252-150.plesk.page\/?page_id=230"},"modified":"2025-08-03T14:22:44","modified_gmt":"2025-08-03T12:22:44","slug":"u14-minis","status":"publish","type":"page","link":"https:\/\/marly.basketball\/?page_id=230","title":{"rendered":"U14"},"content":{"rendered":"<div class=\"wp-block-image\">\n<figure class=\"aligncenter size-large is-resized\"><img decoding=\"async\" loading=\"lazy\" width=\"1024\" height=\"682\" src=\"https:\/\/marly.basketball\/wp-content\/uploads\/2025\/02\/u14-1024x682.jpeg\" alt=\"\" class=\"wp-image-1046\" style=\"aspect-ratio:1.335195530726257;width:646px;height:auto\" srcset=\"https:\/\/marly.basketball\/wp-content\/uploads\/2025\/02\/u14-1024x682.jpeg 1024w, https:\/\/marly.basketball\/wp-content\/uploads\/2025\/02\/u14-300x200.jpeg 300w, https:\/\/marly.basketball\/wp-content\/uploads\/2025\/02\/u14-768x512.jpeg 768w, https:\/\/marly.basketball\/wp-content\/uploads\/2025\/02\/u14-1536x1023.jpeg 1536w, https:\/\/marly.basketball\/wp-content\/uploads\/2025\/02\/u14.jpeg 1600w\" sizes=\"(max-width: 1024px) 100vw, 1024px\" \/><\/figure><\/div>\n\n\n<br>\n\n\n\n<div class=\"wp-block-columns is-layout-flex wp-container-3 wp-block-columns-is-layout-flex\">\n<div class=\"wp-block-column is-layout-flow wp-block-column-is-layout-flow\">\n<h4 class=\"wp-block-heading\"><strong>Effectif mixte n\u00e9 en 2012-2013<\/strong><\/h4>\n\n\n\n<p><strong>Inscriptions Ouvertes<\/strong><\/p>\n\n\n\n<h4 class=\"wp-block-heading\"><strong>Coachs<\/strong><\/h4>\n\n\n\n<p>Flore N&#8217;Gono : +41 79 577 50 47<br>Maximilien Jeanmonod : +41 78 979 80 30<br><br><\/p>\n<\/div>\n\n\n\n<div class=\"wp-block-column is-layout-flow wp-block-column-is-layout-flow\">\n<h4 class=\"wp-block-heading\"><strong>Entra\u00eenements<\/strong><\/h4>\n\n\n\n<p>Mardi: 17:45 &#8211; 19:15<\/p>\n\n\n\n<p>Jeudi:  17:45 &#8211; 19:15<\/p>\n\n\n\n<p>Vendredi 17:45 &#8211; 19:15<\/p>\n\n\n\n<h4 class=\"wp-block-heading\"><strong>Mat\u00e9riel n\u00e9cessaire<\/strong><\/h4>\n\n\n\n<p>Ballon taille 6, tenue de gym, baskets avec semelles non marquantes, gourde personnelle.<\/p>\n<\/div>\n<\/div>\n\n\n\n<h2 class=\"wp-block-heading\">Informations Matchs<\/h2>\n\n\n\n<p><a href=\"https:\/\/www.basketplan.ch\/findTeamById.do?teamId=194&amp;clubId=60&amp;federationId=9\">Basketplan<\/a><\/p>\n","protected":false},"excerpt":{"rendered":"<p>Effectif mixte n\u00e9 en 2012-2013 Inscriptions Ouvertes Coachs Flore N&#8217;Gono : +41 79 577 50 47Maximilien Jeanmonod : +41 78 979 80 30 Entra\u00eenements Mardi: 17:45 &#8211; 19:15 Jeudi: 17:45 &#8211; 19:15 Vendredi 17:45 &#8211; 19:15 Mat\u00e9riel n\u00e9cessaire Ballon taille 6, tenue de gym, baskets avec semelles non marquantes, gourde personnelle. Informations Matchs Basketplan<\/p>\n","protected":false},"author":1,"featured_media":0,"parent":0,"menu_order":0,"comment_status":"closed","ping_status":"closed","template":"","meta":{"ngg_post_thumbnail":0,"footnotes":""},"_links":{"self":[{"href":"https:\/\/marly.basketball\/index.php?rest_route=\/wp\/v2\/pages\/230"}],"collection":[{"href":"https:\/\/marly.basketball\/index.php?rest_route=\/wp\/v2\/pages"}],"about":[{"href":"https:\/\/marly.basketball\/index.php?rest_route=\/wp\/v2\/types\/page"}],"author":[{"embeddable":true,"href":"https:\/\/marly.basketball\/index.php?rest_route=\/wp\/v2\/users\/1"}],"replies":[{"embeddable":true,"href":"https:\/\/marly.basketball\/index.php?rest_route=%2Fwp%2Fv2%2Fcomments&post=230"}],"version-history":[{"count":8,"href":"https:\/\/marly.basketball\/index.php?rest_route=\/wp\/v2\/pages\/230\/revisions"}],"predecessor-version":[{"id":1167,"href":"https:\/\/marly.basketball\/index.php?rest_route=\/wp\/v2\/pages\/230\/revisions\/1167"}],"wp:attachment":[{"href":"https:\/\/marly.basketball\/index.php?rest_route=%2Fwp%2Fv2%2Fmedia&parent=230"}],"curies":[{"name":"wp","href":"https:\/\/api.w.org\/{rel}","templated":true}]}}