{"id":235,"date":"2022-05-31T10:51:00","date_gmt":"2022-05-31T10:51:00","guid":{"rendered":"https:\/\/trusting-wiles.83-173-252-150.plesk.page\/?page_id=235"},"modified":"2025-08-07T12:34:20","modified_gmt":"2025-08-07T10:34:20","slug":"u10-colibris","status":"publish","type":"page","link":"https:\/\/marly.basketball\/?page_id=235","title":{"rendered":"U10"},"content":{"rendered":"\n<figure class=\"wp-block-image size-large\"><img decoding=\"async\" loading=\"lazy\" width=\"1024\" height=\"768\" src=\"https:\/\/marly.basketball\/wp-content\/uploads\/2025\/05\/WhatsApp-Image-2025-05-07-at-16.24.42-1024x768.jpeg\" alt=\"\" class=\"wp-image-1074\" srcset=\"https:\/\/marly.basketball\/wp-content\/uploads\/2025\/05\/WhatsApp-Image-2025-05-07-at-16.24.42-1024x768.jpeg 1024w, https:\/\/marly.basketball\/wp-content\/uploads\/2025\/05\/WhatsApp-Image-2025-05-07-at-16.24.42-300x225.jpeg 300w, https:\/\/marly.basketball\/wp-content\/uploads\/2025\/05\/WhatsApp-Image-2025-05-07-at-16.24.42-768x576.jpeg 768w, https:\/\/marly.basketball\/wp-content\/uploads\/2025\/05\/WhatsApp-Image-2025-05-07-at-16.24.42-1536x1152.jpeg 1536w, https:\/\/marly.basketball\/wp-content\/uploads\/2025\/05\/WhatsApp-Image-2025-05-07-at-16.24.42-120x90.jpeg 120w, https:\/\/marly.basketball\/wp-content\/uploads\/2025\/05\/WhatsApp-Image-2025-05-07-at-16.24.42.jpeg 2048w\" sizes=\"(max-width: 1024px) 100vw, 1024px\" \/><\/figure>\n\n\n\n\n\n<div class=\"wp-block-columns is-layout-flex wp-container-3 wp-block-columns-is-layout-flex\">\n<div class=\"wp-block-column is-layout-flow wp-block-column-is-layout-flow\">\n<h4 class=\"wp-block-heading\"><strong>Effectif mixte n\u00e9 en 2016-2017<\/strong><\/h4>\n\n\n\n<p><strong>Inscriptions ouvertes<\/strong><\/p>\n\n\n\n<h4 class=\"wp-block-heading\"><strong>Coachs<\/strong><\/h4>\n\n\n\n<p>Monika Palinic : +41 77 908 33 53<br>Mannon Gabaglio : +41&nbsp;79&nbsp;134&nbsp;32&nbsp;59<br><\/p>\n<\/div>\n\n\n\n<div class=\"wp-block-column is-layout-flow wp-block-column-is-layout-flow\">\n<h4 class=\"wp-block-heading\"><strong>Entra\u00eenements<\/strong><\/h4>\n\n\n\n<p>Lundi : 17:45 &#8211; 19:15<br>Mercredi : 16:30 &#8211; 17:45<\/p>\n\n\n\n<h4 class=\"wp-block-heading\"><strong>Mat\u00e9riel n\u00e9cessaire<\/strong><\/h4>\n\n\n\n<p>Ballon taille 5, tenue de gym, baskets avec semelles non marquantes, gourde personnelle.<\/p>\n<\/div>\n<\/div>\n\n\n\n<h2 class=\"wp-block-heading\">Informations des tournois<\/h2>\n\n\n\n<p><a href=\"https:\/\/afbb.ch\/mini-basket\/\">Tournoi Mini-Basket (AFBB)<\/a><\/p>\n","protected":false},"excerpt":{"rendered":"<p>Effectif mixte n\u00e9 en 2016-2017 Inscriptions ouvertes Coachs Monika Palinic : +41 77 908 33 53Mannon Gabaglio : +41&nbsp;79&nbsp;134&nbsp;32&nbsp;59 Entra\u00eenements Lundi : 17:45 &#8211; 19:15Mercredi : 16:30 &#8211; 17:45 Mat\u00e9riel n\u00e9cessaire Ballon taille 5, tenue de gym, baskets avec semelles non marquantes, gourde personnelle. Informations des tournois Tournoi Mini-Basket (AFBB)<\/p>\n","protected":false},"author":1,"featured_media":0,"parent":0,"menu_order":0,"comment_status":"closed","ping_status":"closed","template":"","meta":{"ngg_post_thumbnail":0,"footnotes":""},"_links":{"self":[{"href":"https:\/\/marly.basketball\/index.php?rest_route=\/wp\/v2\/pages\/235"}],"collection":[{"href":"https:\/\/marly.basketball\/index.php?rest_route=\/wp\/v2\/pages"}],"about":[{"href":"https:\/\/marly.basketball\/index.php?rest_route=\/wp\/v2\/types\/page"}],"author":[{"embeddable":true,"href":"https:\/\/marly.basketball\/index.php?rest_route=\/wp\/v2\/users\/1"}],"replies":[{"embeddable":true,"href":"https:\/\/marly.basketball\/index.php?rest_route=%2Fwp%2Fv2%2Fcomments&post=235"}],"version-history":[{"count":11,"href":"https:\/\/marly.basketball\/index.php?rest_route=\/wp\/v2\/pages\/235\/revisions"}],"predecessor-version":[{"id":1173,"href":"https:\/\/marly.basketball\/index.php?rest_route=\/wp\/v2\/pages\/235\/revisions\/1173"}],"wp:attachment":[{"href":"https:\/\/marly.basketball\/index.php?rest_route=%2Fwp%2Fv2%2Fmedia&parent=235"}],"curies":[{"name":"wp","href":"https:\/\/api.w.org\/{rel}","templated":true}]}}