{"id":237,"date":"2022-05-31T10:52:08","date_gmt":"2022-05-31T10:52:08","guid":{"rendered":"https:\/\/trusting-wiles.83-173-252-150.plesk.page\/?page_id=237"},"modified":"2025-08-03T14:18:32","modified_gmt":"2025-08-03T12:18:32","slug":"u8-easy-basket","status":"publish","type":"page","link":"https:\/\/marly.basketball\/?page_id=237","title":{"rendered":"U8"},"content":{"rendered":"<div class=\"wp-block-image\">\n<figure class=\"aligncenter size-full\"><img decoding=\"async\" loading=\"lazy\" width=\"1024\" height=\"768\" src=\"https:\/\/marly.basketball\/wp-content\/uploads\/2023\/09\/image.png\" alt=\"\" class=\"wp-image-799\" srcset=\"https:\/\/marly.basketball\/wp-content\/uploads\/2023\/09\/image.png 1024w, https:\/\/marly.basketball\/wp-content\/uploads\/2023\/09\/image-300x225.png 300w, https:\/\/marly.basketball\/wp-content\/uploads\/2023\/09\/image-768x576.png 768w, https:\/\/marly.basketball\/wp-content\/uploads\/2023\/09\/image-120x90.png 120w\" sizes=\"(max-width: 1024px) 100vw, 1024px\" \/><figcaption class=\"wp-element-caption\"> <\/figcaption><\/figure><\/div>\n\n\n<br>\n\n\n\n<div class=\"wp-block-columns is-layout-flex wp-container-3 wp-block-columns-is-layout-flex\">\n<div class=\"wp-block-column is-layout-flow wp-block-column-is-layout-flow\">\n<h4 class=\"wp-block-heading\"><strong>Effectif mixte n\u00e9 en 2018 et plus jeunes<\/strong><\/h4>\n\n\n\n<p><strong>Inscriptions ouvertes<\/strong> <\/p>\n\n\n\n<h4 class=\"wp-block-heading\"><strong>Coachs<\/strong><\/h4>\n\n\n\n<p>Jean-Baptiste Corboz : +41 77 419 08 14<br>Monika Palinic: +41 77 908  33 53<br>Mannon Gabaglio<\/p>\n<\/div>\n\n\n\n<div class=\"wp-block-column is-layout-flow wp-block-column-is-layout-flow\">\n<h4 class=\"wp-block-heading\"><strong>Entra\u00eenements<\/strong><\/h4>\n\n\n\n<p>Jeudi: 16:30 &#8211; 17:45<\/p>\n\n\n\n<h4 class=\"wp-block-heading\"><strong>Mat\u00e9riel n\u00e9cessaire<\/strong><\/h4>\n\n\n\n<p>Ballon taille 5, tenue de gym, baskets avec semelles non marquantes, gourde personnelle.<\/p>\n<\/div>\n<\/div>\n\n\n\n<h2 class=\"wp-block-heading\">Tournoi<\/h2>\n\n\n\n<p><a href=\"https:\/\/afbb.ch\/mini-basket\/\">Tournoi Mini-Basket (AFBB)<\/a><\/p>\n","protected":false},"excerpt":{"rendered":"<p>Effectif mixte n\u00e9 en 2018 et plus jeunes Inscriptions ouvertes Coachs Jean-Baptiste Corboz : +41 77 419 08 14Monika Palinic: +41 77 908 33 53Mannon Gabaglio Entra\u00eenements Jeudi: 16:30 &#8211; 17:45 Mat\u00e9riel n\u00e9cessaire Ballon taille 5, tenue de gym, baskets avec semelles non marquantes, gourde personnelle. Tournoi Tournoi Mini-Basket (AFBB)<\/p>\n","protected":false},"author":1,"featured_media":0,"parent":0,"menu_order":0,"comment_status":"closed","ping_status":"closed","template":"","meta":{"ngg_post_thumbnail":0,"footnotes":""},"_links":{"self":[{"href":"https:\/\/marly.basketball\/index.php?rest_route=\/wp\/v2\/pages\/237"}],"collection":[{"href":"https:\/\/marly.basketball\/index.php?rest_route=\/wp\/v2\/pages"}],"about":[{"href":"https:\/\/marly.basketball\/index.php?rest_route=\/wp\/v2\/types\/page"}],"author":[{"embeddable":true,"href":"https:\/\/marly.basketball\/index.php?rest_route=\/wp\/v2\/users\/1"}],"replies":[{"embeddable":true,"href":"https:\/\/marly.basketball\/index.php?rest_route=%2Fwp%2Fv2%2Fcomments&post=237"}],"version-history":[{"count":10,"href":"https:\/\/marly.basketball\/index.php?rest_route=\/wp\/v2\/pages\/237\/revisions"}],"predecessor-version":[{"id":1163,"href":"https:\/\/marly.basketball\/index.php?rest_route=\/wp\/v2\/pages\/237\/revisions\/1163"}],"wp:attachment":[{"href":"https:\/\/marly.basketball\/index.php?rest_route=%2Fwp%2Fv2%2Fmedia&parent=237"}],"curies":[{"name":"wp","href":"https:\/\/api.w.org\/{rel}","templated":true}]}}