{"id":32,"date":"2022-04-25T14:04:11","date_gmt":"2022-04-25T14:04:11","guid":{"rendered":"https:\/\/trusting-wiles.83-173-252-150.plesk.page\/?page_id=32"},"modified":"2025-12-08T20:11:50","modified_gmt":"2025-12-08T19:11:50","slug":"espace-parents","status":"publish","type":"page","link":"https:\/\/marly.basketball\/?page_id=32","title":{"rendered":"Inscription au club"},"content":{"rendered":"\n<p><strong>Important :<\/strong><\/p>\n\n\n\n<p>Si vous avez des questions particuli\u00e8res, vous pouvez contacter le secr\u00e9tariat \u00e0 l\u2019adresse suivante :&nbsp;<a href=\"mailto:secretariat@marly.basketball\">secretariat@marly.basketball<\/a>.<\/p>\n\n\n\n<p><strong>Note :<\/strong><\/p>\n\n\n\n<p>Les&nbsp;<strong>entra\u00eenements du Marly Basket <\/strong>commencent la semaine du 1er septembre 2025. Les \u00e9quipes sont d\u00e9j\u00e0 bien remplies mais nous acceptons de nouveaux joueurs pour les premiers entrainements. Nous leur confirmerons la possibilit\u00e9 de rejoindre le club par la suite.<\/p>\n\n\n\n<p>Que vous soyez&nbsp;<strong>jeune joueur<\/strong>,&nbsp;<strong>adolescent<\/strong>&nbsp;ou&nbsp;<strong>adulte<\/strong>, c\u2019est le moment id\u00e9al pour venir faire un essai, d\u00e9couvrir l\u2019ambiance du club et rencontrer les \u00e9quipes. Les horaires d&#8217;entrainements sont \u00e0 jour sur notre site sous l&#8217;onglet &#8220;les \u00e9quipes&#8221;.<\/p>\n\n\n\n<p>Alors inscrivez-vous au Marly Basket par ce <strong>formulaire<\/strong> en ligne et envoyez nous un <strong>mail<\/strong> pour avoir plus d&#8217;informations. <\/p>\n\n\n\n<p>&#x1f4e9; Pour plus d\u2019informations ou pour rejoindre un entra\u00eenement, rendez-vous dans l\u2019onglet \u201c<strong>les \u00e9quipes<\/strong>\u201d et s\u00e9lectionner la cat\u00e9gorie d\u2019\u00e2ge pour&nbsp;<strong>contacter directement l\u2019entra\u00eeneur<\/strong>.<\/p>\n\n\n\n<p>On se r\u00e9jouit de vous voir sur le terrain&nbsp;<strong>&#x1f3c0;<\/strong>!<\/p>\n\n\n\n<h2 class=\"wp-block-heading\">Formulaire d&#8217;inscription<\/h2>\n\n\n\n<p><a href=\"https:\/\/nv6ddvjz.forms.app\/formulaire-de-inscription-au-basket\">https:\/\/nv6ddvjz.forms.app\/formulaire-de-inscription-au-basket<\/a><\/p>\n","protected":false},"excerpt":{"rendered":"<p>Important : Si vous avez des questions particuli\u00e8res, vous pouvez contacter le secr\u00e9tariat \u00e0 l\u2019adresse suivante :&nbsp;secretariat@marly.basketball. Note : Les&nbsp;entra\u00eenements du Marly Basket commencent la semaine du 1er septembre 2025. Les \u00e9quipes sont d\u00e9j\u00e0 bien remplies mais nous acceptons de nouveaux joueurs pour les premiers entrainements. Nous leur confirmerons la possibilit\u00e9 de rejoindre le club&hellip;<\/p>\n","protected":false},"author":1,"featured_media":0,"parent":0,"menu_order":0,"comment_status":"closed","ping_status":"closed","template":"","meta":{"ngg_post_thumbnail":0,"footnotes":""},"_links":{"self":[{"href":"https:\/\/marly.basketball\/index.php?rest_route=\/wp\/v2\/pages\/32"}],"collection":[{"href":"https:\/\/marly.basketball\/index.php?rest_route=\/wp\/v2\/pages"}],"about":[{"href":"https:\/\/marly.basketball\/index.php?rest_route=\/wp\/v2\/types\/page"}],"author":[{"embeddable":true,"href":"https:\/\/marly.basketball\/index.php?rest_route=\/wp\/v2\/users\/1"}],"replies":[{"embeddable":true,"href":"https:\/\/marly.basketball\/index.php?rest_route=%2Fwp%2Fv2%2Fcomments&post=32"}],"version-history":[{"count":10,"href":"https:\/\/marly.basketball\/index.php?rest_route=\/wp\/v2\/pages\/32\/revisions"}],"predecessor-version":[{"id":1230,"href":"https:\/\/marly.basketball\/index.php?rest_route=\/wp\/v2\/pages\/32\/revisions\/1230"}],"wp:attachment":[{"href":"https:\/\/marly.basketball\/index.php?rest_route=%2Fwp%2Fv2%2Fmedia&parent=32"}],"curies":[{"name":"wp","href":"https:\/\/api.w.org\/{rel}","templated":true}]}}