{"id":43,"date":"2022-05-14T09:44:40","date_gmt":"2022-05-14T09:44:40","guid":{"rendered":"https:\/\/trusting-wiles.83-173-252-150.plesk.page\/?page_id=43"},"modified":"2025-06-01T16:32:37","modified_gmt":"2025-06-01T14:32:37","slug":"charte-du-joueur","status":"publish","type":"page","link":"https:\/\/marly.basketball\/?page_id=43","title":{"rendered":"Charte des joueurs"},"content":{"rendered":"<div class=\"wp-block-image\">\n<figure class=\"aligncenter size-full is-resized\"><img decoding=\"async\" loading=\"lazy\" width=\"512\" height=\"512\" src=\"https:\/\/marly.basketball\/wp-content\/uploads\/2022\/04\/cropped-MARLY-FINAL-FILE-v2.1.png\" alt=\"\" class=\"wp-image-5\" style=\"width:263px;height:263px\" srcset=\"https:\/\/marly.basketball\/wp-content\/uploads\/2022\/04\/cropped-MARLY-FINAL-FILE-v2.1.png 512w, https:\/\/marly.basketball\/wp-content\/uploads\/2022\/04\/cropped-MARLY-FINAL-FILE-v2.1-300x300.png 300w, https:\/\/marly.basketball\/wp-content\/uploads\/2022\/04\/cropped-MARLY-FINAL-FILE-v2.1-150x150.png 150w, https:\/\/marly.basketball\/wp-content\/uploads\/2022\/04\/cropped-MARLY-FINAL-FILE-v2.1-270x270.png 270w, https:\/\/marly.basketball\/wp-content\/uploads\/2022\/04\/cropped-MARLY-FINAL-FILE-v2.1-192x192.png 192w, https:\/\/marly.basketball\/wp-content\/uploads\/2022\/04\/cropped-MARLY-FINAL-FILE-v2.1-180x180.png 180w, https:\/\/marly.basketball\/wp-content\/uploads\/2022\/04\/cropped-MARLY-FINAL-FILE-v2.1-32x32.png 32w\" sizes=\"(max-width: 512px) 100vw, 512px\" \/><\/figure><\/div>\n\n\n<br><br><br>\n\n\n\n<ul class=\"body { font-family: 'Helvetica', 'Arial', sans-serif;}\">\n<li>Je m&#8217;engage \u00e0 respecter et \u00e9couter mon coach et les autres joueurs ou membres du Marly Basket.<br><\/li>\n\n\n\n<li>Pour pouvoir participer aux entrainements, je m&#8217;acquitte de la cotisation annuelle au plus tard apr\u00e8s le troisi\u00e8me entrainement. <\/li>\n\n\n\n<li>Pour participer aux matchs, ma licence de joueur sera pay\u00e9e par le club \u00e0 swissbasket, une fois ma cotisation acquitt\u00e9e.<\/li>\n\n\n\n<li>Je m&#8217;engage pour une saison et je ne peux pas demander le remboursement de la cotisation en cas d&#8217;arr\u00eat en cours de saison.<\/li>\n\n\n\n<li>Je suis \u00e0 l&#8217;heure et pr\u00e9sent r\u00e9guli\u00e8rement pour les entrainements et les matchs.<br><\/li>\n\n\n\n<li>Je pr\u00e9viens mon entraineur \u00e0 l&#8217;avance en cas d&#8217;absence \u00e0 l&#8217;entrainement ou au match.<\/li>\n\n\n\n<li>Je respecte les r\u00e8gles du b\u00e2timent (salle omnisport du CO de Marly) convenues avec la Commune de Marly, notamment, je ne rentre pas dans le b\u00e2timent par les portes de secours sous alarme, je ne viens pas avec une trottinette ou un chewing-gum.<br><\/li>\n\n\n\n<li>Je prends soin du mat\u00e9riel mis \u00e0 disposition (ballons, maillots,&#8230;) et veille \u00e0 ranger la salle ainsi que les vestiaires apr\u00e8s chaque entrainement ou match.<br><\/li>\n\n\n\n<li>Je respecte les autres joueurs, d\u00e9butants ou confirm\u00e9s.<br><\/li>\n\n\n\n<li>Je suis fair-play avec les arbitres, les officiels, les joueurs adverses et le coach adverse.<\/li>\n\n\n\n<li>Je reste humble dans la victoire et digne dans la d\u00e9faite.<\/li>\n\n\n\n<li>En cas de mauvais comportement lors d&#8217;un match, je devrai prendre en charge les frais d&#8217;une \u00e9ventuelle amende \u00e0 ma charge.<br><\/li>\n\n\n\n<li>J&#8217;essaie d&#8217;aider \u00e0 l&#8217;organisation des tournois ou  matchs des autres \u00e9quipes du club en arbitrant ou devenant officiel de table.<br><\/li>\n\n\n\n<li>Je participe \u00e0 l&#8217;organisation des \u00e9v\u00e9nements sportifs ou festifs organis\u00e9s par le club.<\/li>\n\n\n\n<li>En cas de non-respect de cette charte, je comprends que des sanctions peuvent \u00eatre prises, allant jusqu&#8217;\u00e0 mon exclusion du club.<br><br><\/li>\n<\/ul>\n\n\n\n<p><\/p>\n","protected":false},"excerpt":{"rendered":"","protected":false},"author":1,"featured_media":0,"parent":0,"menu_order":0,"comment_status":"closed","ping_status":"closed","template":"","meta":{"ngg_post_thumbnail":0,"footnotes":""},"_links":{"self":[{"href":"https:\/\/marly.basketball\/index.php?rest_route=\/wp\/v2\/pages\/43"}],"collection":[{"href":"https:\/\/marly.basketball\/index.php?rest_route=\/wp\/v2\/pages"}],"about":[{"href":"https:\/\/marly.basketball\/index.php?rest_route=\/wp\/v2\/types\/page"}],"author":[{"embeddable":true,"href":"https:\/\/marly.basketball\/index.php?rest_route=\/wp\/v2\/users\/1"}],"replies":[{"embeddable":true,"href":"https:\/\/marly.basketball\/index.php?rest_route=%2Fwp%2Fv2%2Fcomments&post=43"}],"version-history":[{"count":4,"href":"https:\/\/marly.basketball\/index.php?rest_route=\/wp\/v2\/pages\/43\/revisions"}],"predecessor-version":[{"id":1121,"href":"https:\/\/marly.basketball\/index.php?rest_route=\/wp\/v2\/pages\/43\/revisions\/1121"}],"wp:attachment":[{"href":"https:\/\/marly.basketball\/index.php?rest_route=%2Fwp%2Fv2%2Fmedia&parent=43"}],"curies":[{"name":"wp","href":"https:\/\/api.w.org\/{rel}","templated":true}]}}