{"id":661,"date":"2023-05-19T16:22:17","date_gmt":"2023-05-19T14:22:17","guid":{"rendered":"https:\/\/marlybasket.ch\/?page_id=661"},"modified":"2024-07-16T13:56:30","modified_gmt":"2024-07-16T11:56:30","slug":"notre-histoire","status":"publish","type":"page","link":"https:\/\/marly.basketball\/?page_id=661","title":{"rendered":"Notre histoire"},"content":{"rendered":"\n<div class=\"wp-block-media-text alignwide is-stacked-on-mobile is-image-fill has-white-color has-vivid-red-background-color has-text-color has-background\" style=\"grid-template-columns:49% auto\"><figure class=\"wp-block-media-text__media\" style=\"background-image:url(https:\/\/marly.basketball\/wp-content\/uploads\/2022\/04\/switch.jpg);background-position:80% 49%\"><img decoding=\"async\" loading=\"lazy\" width=\"1280\" height=\"850\" src=\"https:\/\/marly.basketball\/wp-content\/uploads\/2022\/04\/switch.jpg\" alt=\"\" class=\"wp-image-17 size-full\" srcset=\"https:\/\/marly.basketball\/wp-content\/uploads\/2022\/04\/switch.jpg 1280w, https:\/\/marly.basketball\/wp-content\/uploads\/2022\/04\/switch-300x199.jpg 300w, https:\/\/marly.basketball\/wp-content\/uploads\/2022\/04\/switch-1024x680.jpg 1024w, https:\/\/marly.basketball\/wp-content\/uploads\/2022\/04\/switch-768x510.jpg 768w\" sizes=\"(max-width: 1280px) 100vw, 1280px\" \/><\/figure><div class=\"wp-block-media-text__content\">\n<p class=\"has-large-font-size\">Le club<\/p>\n\n\n\n<p>Une v\u00e9ritable r\u00e9ussite pour ce club qui s\u2019inscrit \u00e0 pr\u00e9sent comme un acteur \u00e0 part enti\u00e8re du basket fribourgeois.<\/p>\n\n\n\n<p>Ce succ\u00e8s, le Marly Basket le doit d\u2019abord \u00e0 son histoire. Le club acc\u00e9de tr\u00e9s rapidement \u00e0 la premi\u00e8re ligue nationale en 1972. C\u2019est en se construisant lentement mais s\u00fbrement que le Marly Basket un an plus tard cr\u00e9e son mouvement junior essentiel pour assurer la rel\u00e8ve.<\/p>\n\n\n\n<p>Aujourd\u2019hui, le Marly Basket b\u00e9n\u00e9ficie d\u2019un mouvement jeunesse tr\u00e9s actif et performant.  Notre challenge actuel est de trouver des b\u00e9n\u00e9voles qui permettent au club de se positionner comme un club attractif et s\u00e9rieux pour ses quelques 200 membres.<\/p>\n<\/div><\/div>\n","protected":false},"excerpt":{"rendered":"<p>Le club Une v\u00e9ritable r\u00e9ussite pour ce club qui s\u2019inscrit \u00e0 pr\u00e9sent comme un acteur \u00e0 part enti\u00e8re du basket fribourgeois. Ce succ\u00e8s, le Marly Basket le doit d\u2019abord \u00e0 son histoire. Le club acc\u00e9de tr\u00e9s rapidement \u00e0 la premi\u00e8re ligue nationale en 1972. C\u2019est en se construisant lentement mais s\u00fbrement que le Marly Basket&hellip;<\/p>\n","protected":false},"author":3,"featured_media":0,"parent":0,"menu_order":0,"comment_status":"closed","ping_status":"closed","template":"","meta":{"ngg_post_thumbnail":0,"footnotes":""},"_links":{"self":[{"href":"https:\/\/marly.basketball\/index.php?rest_route=\/wp\/v2\/pages\/661"}],"collection":[{"href":"https:\/\/marly.basketball\/index.php?rest_route=\/wp\/v2\/pages"}],"about":[{"href":"https:\/\/marly.basketball\/index.php?rest_route=\/wp\/v2\/types\/page"}],"author":[{"embeddable":true,"href":"https:\/\/marly.basketball\/index.php?rest_route=\/wp\/v2\/users\/3"}],"replies":[{"embeddable":true,"href":"https:\/\/marly.basketball\/index.php?rest_route=%2Fwp%2Fv2%2Fcomments&post=661"}],"version-history":[{"count":2,"href":"https:\/\/marly.basketball\/index.php?rest_route=\/wp\/v2\/pages\/661\/revisions"}],"predecessor-version":[{"id":1001,"href":"https:\/\/marly.basketball\/index.php?rest_route=\/wp\/v2\/pages\/661\/revisions\/1001"}],"wp:attachment":[{"href":"https:\/\/marly.basketball\/index.php?rest_route=%2Fwp%2Fv2%2Fmedia&parent=661"}],"curies":[{"name":"wp","href":"https:\/\/api.w.org\/{rel}","templated":true}]}}